{"id":85,"date":"2017-03-05T14:27:30","date_gmt":"2017-03-05T13:27:30","guid":{"rendered":"http:\/\/sophie-bb.com\/lab\/?page_id=85"},"modified":"2018-04-13T11:16:49","modified_gmt":"2018-04-13T09:16:49","slug":"adventure","status":"publish","type":"page","link":"https:\/\/sophie-bb.com\/en\/adventure\/","title":{"rendered":"Adventure"},"content":{"rendered":"<p><strong>Adventure<\/strong>\u00a0\u00a0is an audio album focused on the tenor horn, created and performed by\u00a0<strong>Sophie Binet-Budelot<\/strong>, surrounded by many musical colors, like the piano, the vibraphone or the amazing sound of the brass band.<\/p>\n<p><iframe loading=\"lazy\" title=\"Adventure \u2014 Sophie Binet-Budelot (English Trailer)\" width=\"525\" height=\"295\" src=\"https:\/\/www.youtube.com\/embed\/T6ByFVpgrJc?feature=oembed\" frameborder=\"0\" allow=\"accelerometer; autoplay; clipboard-write; encrypted-media; gyroscope; picture-in-picture; web-share\" referrerpolicy=\"strict-origin-when-cross-origin\" allowfullscreen><\/iframe><\/p>\n<p>Besides it gathers several standards of the tenor horn repertoire, Adventure also includes some pieces composed exclusively for this record by young talented composers and players.<br \/>\nThis project is a close collaboration between Sophie and <strong>Junko Fukuda-Gros<\/strong>, <strong>Sophie Th\u00e9venard<\/strong> and all the musicians from the great <strong>Brass Band Nord-Pas-de-Calais<\/strong>. The music they played included two creations composed by <strong>Pierre-Antoine Savoyat<\/strong> and <strong>J\u00e9r\u00e9my Chmielarz<\/strong>, but other great pieces composed by <strong>John Golland<\/strong> or <strong>Peter Graham<\/strong>.<\/p>\n<p>\u2192 <a href=\"http:\/\/brassbandinfos.webnode.fr\/articles\/national\/all-flow-from-the-bell-of-her-alto-horn-at-every-given-moment\/\" target=\"_blank\" rel=\"noopener\">Review<\/a> &amp; <a href=\"http:\/\/brassbandinfos.webnode.fr\/articles\/national\/adventure-lalto-de-sophie-binet-budelot\/\" target=\"_blank\" rel=\"noopener\">interview<\/a>\u00a0on\u00a0<strong>Brass Band Infos<\/strong><\/p>\n<hr \/>\n<div class=\"woocommerce \"><ul class=\"products columns-4\">\n<li class=\"product type-product post-90 status-publish first instock product_cat-original-material has-post-thumbnail shipping-taxable purchasable product-type-simple\">\n\t<a href=\"https:\/\/sophie-bb.com\/en\/produit\/adventure\/\" class=\"woocommerce-LoopProduct-link woocommerce-loop-product__link\"><img loading=\"lazy\" decoding=\"async\" width=\"250\" height=\"250\" src=\"https:\/\/sophie-bb.com\/wp-content\/uploads\/2017\/03\/Adventure-SBB-250x250.png\" class=\"attachment-woocommerce_thumbnail size-woocommerce_thumbnail\" alt=\"Adventure\" srcset=\"https:\/\/sophie-bb.com\/wp-content\/uploads\/2017\/03\/Adventure-SBB-250x250.png 250w, https:\/\/sophie-bb.com\/wp-content\/uploads\/2017\/03\/Adventure-SBB-150x150.png 150w, https:\/\/sophie-bb.com\/wp-content\/uploads\/2017\/03\/Adventure-SBB-100x100.png 100w\" sizes=\"auto, 100vw\" data-attachment-id=\"622\" data-permalink=\"https:\/\/sophie-bb.com\/en\/?attachment_id=622\" data-orig-file=\"https:\/\/sophie-bb.com\/wp-content\/uploads\/2017\/03\/Adventure-SBB.png\" data-orig-size=\"1087,990\" data-comments-opened=\"0\" data-image-meta=\"{&quot;aperture&quot;:&quot;0&quot;,&quot;credit&quot;:&quot;&quot;,&quot;camera&quot;:&quot;&quot;,&quot;caption&quot;:&quot;&quot;,&quot;created_timestamp&quot;:&quot;0&quot;,&quot;copyright&quot;:&quot;&quot;,&quot;focal_length&quot;:&quot;0&quot;,&quot;iso&quot;:&quot;0&quot;,&quot;shutter_speed&quot;:&quot;0&quot;,&quot;title&quot;:&quot;&quot;,&quot;orientation&quot;:&quot;0&quot;}\" data-image-title=\"Adventure-SBB\" data-image-description=\"\" data-image-caption=\"\" data-medium-file=\"https:\/\/sophie-bb.com\/wp-content\/uploads\/2017\/03\/Adventure-SBB-300x273.png\" data-large-file=\"https:\/\/sophie-bb.com\/wp-content\/uploads\/2017\/03\/Adventure-SBB-1024x933.png\" \/><h2 class=\"woocommerce-loop-product__title\">Adventure<\/h2>\n\t<span class=\"price\"><span class=\"woocommerce-Price-amount amount\"><bdi>15,00<span class=\"woocommerce-Price-currencySymbol\">&euro;<\/span><\/bdi><\/span><\/span>\n<\/a><a href=\"?add-to-cart=90\" aria-describedby=\"woocommerce_loop_add_to_cart_link_describedby_90\" data-quantity=\"1\" class=\"button product_type_simple add_to_cart_button ajax_add_to_cart\" data-product_id=\"90\" data-product_sku=\"\" aria-label=\"Add to cart: &ldquo;Adventure&rdquo;\" rel=\"nofollow\" data-success_message=\"&ldquo;Adventure&rdquo; has been added to your cart\">Add to cart<\/a>\t<span id=\"woocommerce_loop_add_to_cart_link_describedby_90\" class=\"screen-reader-text\">\n\t\t\t<\/span>\n<\/li>\n<\/ul>\n<\/div>\n<hr \/>\n<h5>Hauts-de-France Brass Band<\/h5>\n<p><a href=\"http:\/\/sophie-bb.com\/sophie\/hdfbb\/\"><img loading=\"lazy\" decoding=\"async\" data-attachment-id=\"274\" data-permalink=\"https:\/\/sophie-bb.com\/en\/brass-band\/hdfbb\/\" data-orig-file=\"https:\/\/sophie-bb.com\/wp-content\/uploads\/2017\/03\/HdFBB.jpg\" data-orig-size=\"1328,747\" data-comments-opened=\"0\" data-image-meta=\"{&quot;aperture&quot;:&quot;0&quot;,&quot;credit&quot;:&quot;&quot;,&quot;camera&quot;:&quot;&quot;,&quot;caption&quot;:&quot;&quot;,&quot;created_timestamp&quot;:&quot;0&quot;,&quot;copyright&quot;:&quot;&quot;,&quot;focal_length&quot;:&quot;0&quot;,&quot;iso&quot;:&quot;0&quot;,&quot;shutter_speed&quot;:&quot;0&quot;,&quot;title&quot;:&quot;&quot;,&quot;orientation&quot;:&quot;0&quot;}\" data-image-title=\"HdFBB\" data-image-description=\"\" data-image-caption=\"\" data-medium-file=\"https:\/\/sophie-bb.com\/wp-content\/uploads\/2017\/03\/HdFBB-300x169.jpg\" data-large-file=\"https:\/\/sophie-bb.com\/wp-content\/uploads\/2017\/03\/HdFBB-1024x576.jpg\" class=\"alignnone wp-image-274\" src=\"http:\/\/sophie-bb.com\/wp-content\/uploads\/2017\/03\/HdFBB.jpg\" alt=\"\" width=\"629\" height=\"354\" srcset=\"https:\/\/sophie-bb.com\/wp-content\/uploads\/2017\/03\/HdFBB.jpg 1328w, https:\/\/sophie-bb.com\/wp-content\/uploads\/2017\/03\/HdFBB-350x197.jpg 350w, https:\/\/sophie-bb.com\/wp-content\/uploads\/2017\/03\/HdFBB-300x169.jpg 300w, https:\/\/sophie-bb.com\/wp-content\/uploads\/2017\/03\/HdFBB-768x432.jpg 768w, https:\/\/sophie-bb.com\/wp-content\/uploads\/2017\/03\/HdFBB-1024x576.jpg 1024w\" sizes=\"auto, (max-width: 629px) 100vw, 629px\" \/><\/a><br \/>\nFond\u00e9 en 1992 par Philippe Lorthios et un groupe d\u2019amis, le Hauts-de-France Brass Band \u2014 originellement nomm\u00e9 Brass Band Nord-Pas-de-Calais \u2014 propose un r\u00e9pertoire tendant \u00e0 montrer la virtuosit\u00e9 technique et la grande homog\u00e9n\u00e9it\u00e9 de timbre qu\u2019ont les musiciens d\u2019un brass band.<\/p>\n<p>En 1998, il produit son premier CD comportant une cr\u00e9ation mondiale \u00e9crite par J\u00e9r\u00f4me Naulais avec en soliste Jacques Mauger.<br \/>\nEn 2011, il enregistre un DVD du spectacle \u00ab L\u00e9gende celtique \u00bb accompagn\u00e9 d\u2019un pipe band \u2014 orchestre de cornemuse \u2014 puis \u00e0 l\u2019automne un CD partag\u00e9 avec le soliste international Michel Becquet et le quatuor de trombones 4\u00e0Quatre.<br \/>\nIl a \u00e9galement eu l\u2019occasion d\u2019\u00eatre dirig\u00e9 par de grands compositeurs et chefs d\u2019orchestre au cours de master classes et de concours : Philip Sparke, Frank Renton, Russel Gray. Il est actuellement dirig\u00e9 par Luc Vertommen.<\/p>\n<p>Souhaitant donner une forte motivation aux \u00e9l\u00e8ves des classes de cuivres, aux musiciens amateurs confirm\u00e9s et aux jeunes musiciens professionnels, il cr\u00e9\u00e9 une dynamique qu\u2019il transmet de concert en concert et qui le transporte de concours en concours tout en gardant une exigence de qualit\u00e9 omnipr\u00e9sente.<\/p>\n<p>Depuis sa cr\u00e9ation, il s\u2019est produit dans plus de 85 villes et villages de la r\u00e9gion Nord-Pas-de-Calais \/ Hauts-de-France, fid\u00e8le \u00e0 son objectif principal de rayonner dans la r\u00e9gion et de se produire dans de petites localit\u00e9s g\u00e9ographiquement d\u00e9favoris\u00e9es. Il tourne \u00e9galement en France et \u00e0 l\u2019\u00e9tranger (Pologne, Belgique, Grande Bretagne).<\/p>\n<p>En 25 ans, le HDFBB\u00a0a pu remporter de nombreux prix : Champion de France \u00e0 l\u2019Open d\u2019Amboise (2001- 2002), Champion d\u2019Europe en premi\u00e8re section au Championnat d\u2019Europe \u00e0 Bruxelles (2002), Champion de France au Championnat de France de Brass Band organis\u00e9 par la Conf\u00e9d\u00e9ration Musicale de France en 2009, 2010 et 2011 ce qui lui a permis de repr\u00e9senter la France aux championnats europ\u00e9ens en Suisse (2010), Autriche (2011) et Hollande (2012).<\/p>\n<p>Apr\u00e8s s&#8217;\u00eatre vu attribu\u00e9 le prix de champion dans la division honneur lors de\u00a0l\u2019Open de France d\u2019Amboise en juin 2015, le HDFBB est sacr\u00e9 champion de France pour la quatri\u00e8me fois en f\u00e9vrier 2017, et repr\u00e9sentera la France en 2018.<\/p>\n<h5>Junko Fukuda-Gros<\/h5>\n<figure id=\"attachment_360\" aria-describedby=\"caption-attachment-360\" style=\"width: 201px\" class=\"wp-caption alignleft\"><img loading=\"lazy\" decoding=\"async\" data-attachment-id=\"360\" data-permalink=\"https:\/\/sophie-bb.com\/en\/adventure\/junko\/\" data-orig-file=\"https:\/\/sophie-bb.com\/wp-content\/uploads\/2017\/03\/Junko.jpeg\" data-orig-size=\"214,320\" data-comments-opened=\"0\" data-image-meta=\"{&quot;aperture&quot;:&quot;0&quot;,&quot;credit&quot;:&quot;&quot;,&quot;camera&quot;:&quot;&quot;,&quot;caption&quot;:&quot;&quot;,&quot;created_timestamp&quot;:&quot;0&quot;,&quot;copyright&quot;:&quot;&quot;,&quot;focal_length&quot;:&quot;0&quot;,&quot;iso&quot;:&quot;0&quot;,&quot;shutter_speed&quot;:&quot;0&quot;,&quot;title&quot;:&quot;&quot;,&quot;orientation&quot;:&quot;0&quot;}\" data-image-title=\"Junko Fukuda-Gros\" data-image-description=\"\" data-image-caption=\"&lt;p&gt;Photo : Christian Genin&lt;\/p&gt;\n\" data-medium-file=\"https:\/\/sophie-bb.com\/wp-content\/uploads\/2017\/03\/Junko-201x300.jpeg\" data-large-file=\"https:\/\/sophie-bb.com\/wp-content\/uploads\/2017\/03\/Junko.jpeg\" class=\"size-medium wp-image-360\" src=\"http:\/\/sophie-bb.com\/wp-content\/uploads\/2017\/03\/Junko-201x300.jpeg\" alt=\"\" width=\"201\" height=\"300\" srcset=\"https:\/\/sophie-bb.com\/wp-content\/uploads\/2017\/03\/Junko-201x300.jpeg 201w, https:\/\/sophie-bb.com\/wp-content\/uploads\/2017\/03\/Junko.jpeg 214w\" sizes=\"auto, (max-width: 201px) 100vw, 201px\" \/><figcaption id=\"caption-attachment-360\" class=\"wp-caption-text\">Photo : Christian Genin<\/figcaption><\/figure>\n<p>Originaire de Tochigi (Japon), Junko Fukuda-Gros est tr\u00e8s t\u00f4t familiaris\u00e9e avec la musique occidentale par son grand-p\u00e8re enseignant de musique. A deux ans, elle commence l\u2019apprentissage du piano et poursuit ses \u00e9tudes jusqu\u2019aux universit\u00e9s d\u2019Utsunomiya puis des Beaux-arts et de la Musique de Tokyo o\u00f9 elle obtient les Masters de p\u00e9dagogie (sp\u00e9cialis\u00e9 Piano) et musicologie.<\/p>\n<p>Souhaitant s\u2019orienter vers l\u2019accompagnement et la musique de chambre, elle se rend en France o\u00f9 elle int\u00e8gre le Conservatoire National Sup\u00e9rieur de Musique (CNSMD) de Lyon \u00e0 l\u2019unanimit\u00e9 du jury. El\u00e8ve en classe d\u2019accompagnement de Michel Tranchant, elle obtient le Certificat d\u2019Etudes Sup\u00e9rieures en juin 2008.<\/p>\n<p>Pianiste accompagnatrice du P\u00f4le d\u2019Enseignement Sup\u00e9rieur de Musique (PESM) de Bourgogne, du Conservatoire de Lyon (CRR Lyon), de <strong>TriO+<\/strong> (trio de piano-euphonium-tuba), du ch\u0153ur <strong>Emelth\u00e9e<\/strong>. Elle intervient aussi aupr\u00e8s de plusieurs conservatoires notamment CNSMD Lyon, \u00e0 l\u2019Op\u00e9ra de Lyon et de St-Etienne, des stages et des concours internationaux comme le <strong>Printemps de Prague<\/strong>.<\/p>\n<h5>Sophie Th\u00e9venard<\/h5>\n<p><img loading=\"lazy\" decoding=\"async\" data-attachment-id=\"362\" data-permalink=\"https:\/\/sophie-bb.com\/en\/adventure\/sophie-t\/\" data-orig-file=\"https:\/\/sophie-bb.com\/wp-content\/uploads\/2017\/03\/Sophie-T..jpg\" data-orig-size=\"1200,1806\" data-comments-opened=\"0\" data-image-meta=\"{&quot;aperture&quot;:&quot;0&quot;,&quot;credit&quot;:&quot;&quot;,&quot;camera&quot;:&quot;&quot;,&quot;caption&quot;:&quot;&quot;,&quot;created_timestamp&quot;:&quot;0&quot;,&quot;copyright&quot;:&quot;&quot;,&quot;focal_length&quot;:&quot;0&quot;,&quot;iso&quot;:&quot;0&quot;,&quot;shutter_speed&quot;:&quot;0&quot;,&quot;title&quot;:&quot;&quot;,&quot;orientation&quot;:&quot;0&quot;}\" data-image-title=\"Sophie Th\u00e9venard\" data-image-description=\"\" data-image-caption=\"\" data-medium-file=\"https:\/\/sophie-bb.com\/wp-content\/uploads\/2017\/03\/Sophie-T.-199x300.jpg\" data-large-file=\"https:\/\/sophie-bb.com\/wp-content\/uploads\/2017\/03\/Sophie-T.-680x1024.jpg\" class=\"size-medium wp-image-362 alignright\" src=\"http:\/\/sophie-bb.com\/wp-content\/uploads\/2017\/03\/Sophie-T.-199x300.jpg\" alt=\"\" width=\"199\" height=\"300\" srcset=\"https:\/\/sophie-bb.com\/wp-content\/uploads\/2017\/03\/Sophie-T.-199x300.jpg 199w, https:\/\/sophie-bb.com\/wp-content\/uploads\/2017\/03\/Sophie-T.-350x527.jpg 350w, https:\/\/sophie-bb.com\/wp-content\/uploads\/2017\/03\/Sophie-T.-768x1156.jpg 768w, https:\/\/sophie-bb.com\/wp-content\/uploads\/2017\/03\/Sophie-T.-680x1024.jpg 680w, https:\/\/sophie-bb.com\/wp-content\/uploads\/2017\/03\/Sophie-T..jpg 1200w\" sizes=\"auto, (max-width: 199px) 100vw, 199px\" \/>N\u00e9e en 1988, Sophie Th\u00e9venard commence les percussions \u00e0 7 ans \u00e0 l\u2019\u00e9cole de musique d\u2019Imphy (58) dans la classe de Fr\u00e9deric Frebault. En 2004, elle entre au conservatoire du 10\u00e8me arrondissement de Paris dans la classe de percussion de Nicolas Martynciow, caisse-claire solo de l\u2019orchestre de Paris. \u00c0\u00a0l\u2019issue de son cursus, elle obtient en 2008 le Dipl\u00f4me d\u2019Etudes Musicales (DEM).\u00a0Elle entre ensuite en cycle de perfectionnement au conservatoire d\u2019Aulnay-sous-Bois dans la classe de Catherine Lenert.<\/p>\n<p>En 2010, elle int\u00e8gre l\u2019orchestre atelier <strong>Ostinato<\/strong> et obtient en 2013 le dipl\u00f4me de musicien d\u2019orchestre avec mention tr\u00e8s bien. Elle est actuellement \u00e9tudiante au P\u00f4le d\u2019Enseignement de la Musique en Bourgogne (PESMB).<\/p>\n<h5>Pierre-Antoine Savoyat<\/h5>\n<figure id=\"attachment_364\" aria-describedby=\"caption-attachment-364\" style=\"width: 300px\" class=\"wp-caption alignleft\"><img loading=\"lazy\" decoding=\"async\" data-attachment-id=\"364\" data-permalink=\"https:\/\/sophie-bb.com\/en\/adventure\/pa\/\" data-orig-file=\"https:\/\/sophie-bb.com\/wp-content\/uploads\/2017\/03\/PA.jpg\" data-orig-size=\"2048,1290\" data-comments-opened=\"0\" data-image-meta=\"{&quot;aperture&quot;:&quot;0&quot;,&quot;credit&quot;:&quot;&quot;,&quot;camera&quot;:&quot;&quot;,&quot;caption&quot;:&quot;&quot;,&quot;created_timestamp&quot;:&quot;0&quot;,&quot;copyright&quot;:&quot;&quot;,&quot;focal_length&quot;:&quot;0&quot;,&quot;iso&quot;:&quot;0&quot;,&quot;shutter_speed&quot;:&quot;0&quot;,&quot;title&quot;:&quot;&quot;,&quot;orientation&quot;:&quot;0&quot;}\" data-image-title=\"Pierre-Antoine Savoyat\" data-image-description=\"\" data-image-caption=\"&lt;p&gt;Photo : Charles Drigon&lt;\/p&gt;\n\" data-medium-file=\"https:\/\/sophie-bb.com\/wp-content\/uploads\/2017\/03\/PA-300x189.jpg\" data-large-file=\"https:\/\/sophie-bb.com\/wp-content\/uploads\/2017\/03\/PA-1024x645.jpg\" class=\"size-medium wp-image-364\" src=\"http:\/\/sophie-bb.com\/wp-content\/uploads\/2017\/03\/PA-300x189.jpg\" alt=\"\" width=\"300\" height=\"189\" srcset=\"https:\/\/sophie-bb.com\/wp-content\/uploads\/2017\/03\/PA-300x189.jpg 300w, https:\/\/sophie-bb.com\/wp-content\/uploads\/2017\/03\/PA-350x220.jpg 350w, https:\/\/sophie-bb.com\/wp-content\/uploads\/2017\/03\/PA-768x484.jpg 768w, https:\/\/sophie-bb.com\/wp-content\/uploads\/2017\/03\/PA-1024x645.jpg 1024w, https:\/\/sophie-bb.com\/wp-content\/uploads\/2017\/03\/PA.jpg 2048w\" sizes=\"auto, (max-width: 300px) 100vw, 300px\" \/><figcaption id=\"caption-attachment-364\" class=\"wp-caption-text\">Photo : Charles Drigon<\/figcaption><\/figure>\n<p>Originaire de Villefranche-sur-Sa\u00f4ne (1993), Pierre-Antoine Savoyat commence la trompette au Conservatoire de cette commune dans la classe de Christophe Al\u00e9kian (2000), qui lui fera d\u00e9couvrir tr\u00e8s t\u00f4t les sonorit\u00e9s de l\u2019orchestre d\u2019harmonie et du brass band. V\u00e9ritable curieux, il s\u2019int\u00e9ressera tr\u00e8s vite au jazz, aux musiques improvis\u00e9es, \u00e0 la composition et \u00e0 la direction d\u2019orchestre.<\/p>\n<p>Apr\u00e8s un passage au CRR de Lyon, il rentre au CRR de Chalon-sur-Sa\u00f4ne en trompette d\u2019Eric Plant\u00e9 \u2014 o\u00f9 il obtient son DEM en 2014. Il int\u00e8gre \u00e9galement les classes de direction d\u2019orchestre avec Philippe Cambreling et de Jazz avec Olivier Py, avec lesquels il \u00e9tudie toujours.<\/p>\n<p>il d\u00e9couvre ses premiers amours v\u00e9ritables avec le brass band lors d\u2019un stage de direction avec <strong>Brassaventure<\/strong>. Depuis, Pierre-antoine joue, au <strong>Burgundy Brass Band<\/strong> et \u00e0 Brassaventure, il assure la co-direction du <strong>Brass Band de Chalon-sur-Sa\u00f4ne<\/strong>. Parmi ses pi\u00e8ces pour brass band, citons : \u00ab <strong>La Patronne de Cascia<\/strong> \u00bb (cr\u00e9\u00e9 par le Burgundy Brass Band), \u00ab <strong>Concertino Celtique pour Bugle<\/strong> \u00bb (cr\u00e9\u00e9 par <strong>Eric Plant\u00e9<\/strong> et le <strong>Brass Band de Chalon-sur-Sa\u00f4ne<\/strong>), \u00ab <strong>\u00c9legie et Furioso pour Euphonium<\/strong> \u00bb (cr\u00e9\u00e9 par <strong>Christine Rolland<\/strong> et <strong>Brassaventure<\/strong>) ou encore le \u00ab <strong>Concerto pour Saxhorn Alto<\/strong> \u00bb cr\u00e9\u00e9 dans le projet <strong>Adventure<\/strong>.<br \/>\nPierre-Antoine \u00e9crit aussi pour d\u2019autres formations (orchestre d\u2019harmonie, quintette de cuivres, formation jazz, orchestre de flutes, etc.). Attach\u00e9 \u00e0 la protection du repertoire d\u2019ensemble \u00e0 vents, Pierre-Antoine est aussi membre de l\u2019<strong>Association Fran\u00e7ais pour l\u2019Essor des Ensembles \u00e0 Vents<\/strong>.<\/p>\n<h5>J\u00e9r\u00e9my\u00a0Chmielarz<\/h5>\n<p><img loading=\"lazy\" decoding=\"async\" data-attachment-id=\"366\" data-permalink=\"https:\/\/sophie-bb.com\/en\/adventure\/jeremy\/\" data-orig-file=\"https:\/\/sophie-bb.com\/wp-content\/uploads\/2017\/03\/Jeremy.jpeg\" data-orig-size=\"320,214\" data-comments-opened=\"0\" data-image-meta=\"{&quot;aperture&quot;:&quot;0&quot;,&quot;credit&quot;:&quot;&quot;,&quot;camera&quot;:&quot;&quot;,&quot;caption&quot;:&quot;&quot;,&quot;created_timestamp&quot;:&quot;0&quot;,&quot;copyright&quot;:&quot;&quot;,&quot;focal_length&quot;:&quot;0&quot;,&quot;iso&quot;:&quot;0&quot;,&quot;shutter_speed&quot;:&quot;0&quot;,&quot;title&quot;:&quot;&quot;,&quot;orientation&quot;:&quot;0&quot;}\" data-image-title=\"J\u00e9r\u00e9my Chmielarz\" data-image-description=\"\" data-image-caption=\"\" data-medium-file=\"https:\/\/sophie-bb.com\/wp-content\/uploads\/2017\/03\/Jeremy-300x201.jpeg\" data-large-file=\"https:\/\/sophie-bb.com\/wp-content\/uploads\/2017\/03\/Jeremy.jpeg\" class=\"size-medium wp-image-366 alignright\" src=\"http:\/\/sophie-bb.com\/wp-content\/uploads\/2017\/03\/Jeremy-300x201.jpeg\" alt=\"\" width=\"300\" height=\"201\" srcset=\"https:\/\/sophie-bb.com\/wp-content\/uploads\/2017\/03\/Jeremy-300x201.jpeg 300w, https:\/\/sophie-bb.com\/wp-content\/uploads\/2017\/03\/Jeremy.jpeg 320w\" sizes=\"auto, (max-width: 300px) 100vw, 300px\" \/>N\u00e9 \u00e0 Saint Etienne en 1988, J\u00e9r\u00e9my Chmielarz commence la musique par la guitare \u00e9lectrique \u00e0 l\u2019\u00e2ge de 13 ans en autodidacte. Il s\u2019int\u00e9resse tr\u00e8s vite \u00e0 la cr\u00e9ation et envisage alors son instrument dans cette perspective. Il d\u00e9cide en 2008 de se consacrer enti\u00e8rement \u00e0 la pratique de la musique et d\u00e9bute un cursus d\u2019\u00e9tude autour des Musiques Actuelles. Apr\u00e8s 5 ans de travail, il obtient un dipl\u00f4me d\u2019\u00e9tat de professeur ainsi que deux licences.<br \/>\nParall\u00e8lement il collabore avec divers artistes en tant que guitariste et arrangeur, notamment avec l\u2019auteur\/compositeur <strong>Rapha\u00ebl Herrerias<\/strong>.<\/p>\n<p>Il fonde en 2011 le quartet \u00e9lectrique <strong>Architektone<\/strong> qui donnera naissance quelques ann\u00e9es plus tard au spectacle <strong>Bubble(s)<\/strong>, regroupant 22 musiciens (classique et musiques actuelles) autour de cr\u00e9ations originales. \u00c0 la fin de l\u2019ann\u00e9e 2013 il participe \u00e0 la fondation de la <strong>Compagnie KuB<\/strong>, collectif de musiciens \/ p\u00e9dagogues. Gr\u00e2ce \u00e0 ce cadre sp\u00e9cifique facilitant les rencontres et les partenariats artistiques, plusieurs spectacles et projets p\u00e9dagogiques voient le jour. En 2014, la pi\u00e8ce \u00ab <strong>La nuit des sucres<\/strong> \u00bb pour fl\u00fbte et vibraphone est cr\u00e9\u00e9e dans le cadre du festival de musique de chambre du P\u00f4le d\u2019Enseignement Sup\u00e9rieur de la Musique en Bourgogne.<\/p>\n<p>J\u00e9r\u00e9my Chmielarz est actuellement coordinateur du d\u00e9partement \u00ab Musiques Actuelles \u00bb et professeur de guitare moderne au conservatoire de Saint Priest (69).<\/p>\n<hr \/>\n<p><strong>Adventure<\/strong>\u00a0includes several standards from tenor horn repertory, like the famous \u201c<strong>Sonata for Tenor Horn<\/strong>\u201d composed by <strong>John Golland<\/strong>, or also the pieces \u201c<strong>A Time for Peace<\/strong>\u201d or \u201c<strong>Episode<\/strong>\u201d by <strong>Peter Graham<\/strong>.<\/p>\n<p>The record also includes the two followings creations:<\/p>\n<h5>Concerto for Tenor Horn and Brass Band<\/h5>\n<p>Composed by Pierre-Antoine Savoyat especially for Sophie and the <strong>Adventure<\/strong>\u00a0project, the <strong>Concerto for Tenor Horn<\/strong> is composed of a series of tableaux representing the vision of civilians victim of a war, it&#8217;s an ode supporting all the people who are in the wrong place at the wrong time.<\/p>\n<p>The first movement describes an air attack, the glissandi of the trombones in the second part evoke planes, you can find in this music a romantic style (Elgar, Malher) and a tribute to Stravinsky&#8217;s <strong>Soldier&#8217;s Tale<\/strong>. The movement ends in an apocalyptic climax.<\/p>\n<p>The second movement is a ground (basso ostinato \u2014 a short, recurring melodic pattern in the bass part of a composition that serves as the principal structural element) inspired by Bach and Buxtehude music. It describes an awful battle scene in ruins full of dead corpses ; you can hear at the end of the movement an SOS signal played by the timpani.<\/p>\n<p>Finally the Finale describes a land battle or civil war scene, the diversity of themes and thematic elements of the whole piece (like the choral or SOS signal) illustrates a great feeling of doubt, and after a martial part and a musical explosion which ends the tableau, the soloist plays a cadenza and brings us in a last part full of optimism supported by the whole brass band.<\/p>\n<h5>Le Sourire du G\u00e9ant<\/h5>\n<p><strong>Le Sourire du G\u00e9ant<\/strong>\u00a0(The Smile of the Giant) is a short piece for tenor horn and vibraphone composed for the <strong>Adventure<\/strong>\u00a0project by <strong>J\u00e9r\u00e9my Chmielarz<\/strong>. Inspired as much by the minimalism of <strong>Steve Reich<\/strong> as by the fanciful universe of <strong>Miyazaki<\/strong>&#8216;s movies, it&#8217;s the story of a man and a giant meeting. This face to face is an allegory of doubt and hope, which alternately find their way inside us, like a smile on a gigantic face.<\/p>\n<p>Several melodies come out from a simple narration, some light colours, and repetitive rhythms. They seek at each other, have fun and finally draw our fantasy.<\/p>\n","protected":false},"excerpt":{"rendered":"<p>Adventure\u00a0\u00a0is an audio album focused on the tenor horn, created and performed by\u00a0Sophie Binet-Budelot, surrounded by many musical colors, like the piano, the vibraphone or the amazing sound of the brass band. Besides it gathers several standards of the tenor horn repertoire, Adventure also includes some pieces composed exclusively for this record by young talented &hellip; <\/p>\n<p class=\"link-more\"><a href=\"https:\/\/sophie-bb.com\/en\/adventure\/\" class=\"more-link\">Continue reading<span class=\"screen-reader-text\"> &#8220;Adventure&#8221;<\/span><\/a><\/p>\n","protected":false},"author":1,"featured_media":372,"parent":0,"menu_order":0,"comment_status":"closed","ping_status":"closed","template":"","meta":{"footnotes":""},"class_list":["post-85","page","type-page","status-publish","has-post-thumbnail","hentry"],"translation":{"provider":"WPGlobus","version":"3.0.0","language":"en","enabled_languages":["fr","en"],"languages":{"fr":{"title":true,"content":true,"excerpt":false},"en":{"title":true,"content":true,"excerpt":false}}},"jetpack_sharing_enabled":true,"_links":{"self":[{"href":"https:\/\/sophie-bb.com\/en\/wp-json\/wp\/v2\/pages\/85","targetHints":{"allow":["GET"]}}],"collection":[{"href":"https:\/\/sophie-bb.com\/en\/wp-json\/wp\/v2\/pages"}],"about":[{"href":"https:\/\/sophie-bb.com\/en\/wp-json\/wp\/v2\/types\/page"}],"author":[{"embeddable":true,"href":"https:\/\/sophie-bb.com\/en\/wp-json\/wp\/v2\/users\/1"}],"replies":[{"embeddable":true,"href":"https:\/\/sophie-bb.com\/en\/wp-json\/wp\/v2\/comments?post=85"}],"version-history":[{"count":22,"href":"https:\/\/sophie-bb.com\/en\/wp-json\/wp\/v2\/pages\/85\/revisions"}],"predecessor-version":[{"id":615,"href":"https:\/\/sophie-bb.com\/en\/wp-json\/wp\/v2\/pages\/85\/revisions\/615"}],"wp:featuredmedia":[{"embeddable":true,"href":"https:\/\/sophie-bb.com\/en\/wp-json\/wp\/v2\/media\/372"}],"wp:attachment":[{"href":"https:\/\/sophie-bb.com\/en\/wp-json\/wp\/v2\/media?parent=85"}],"curies":[{"name":"wp","href":"https:\/\/api.w.org\/{rel}","templated":true}]}}