{"id":610,"date":"2018-04-13T11:37:16","date_gmt":"2018-04-13T09:37:16","guid":{"rendered":"http:\/\/sophie-bb.com\/?page_id=610"},"modified":"2023-03-31T06:57:04","modified_gmt":"2023-03-31T04:57:04","slug":"unusual","status":"publish","type":"page","link":"https:\/\/sophie-bb.com\/en\/unusual\/","title":{"rendered":"Unusual"},"content":{"rendered":"<figure class=\"wp-block-gallery has-nested-images columns-default is-cropped wp-block-gallery-1 is-layout-flex wp-block-gallery-is-layout-flex\"><figure class=\"wp-block-image size-large\"><img loading=\"lazy\" decoding=\"async\" width=\"1024\" height=\"683\" data-attachment-id=\"1316\" data-permalink=\"https:\/\/sophie-bb.com\/en\/unusual\/fv4a9960\/\" data-orig-file=\"https:\/\/sophie-bb.com\/wp-content\/uploads\/2023\/02\/FV4A9960-scaled.jpg\" data-orig-size=\"2560,1707\" data-comments-opened=\"0\" data-image-meta=\"{&quot;aperture&quot;:&quot;2.8&quot;,&quot;credit&quot;:&quot;&quot;,&quot;camera&quot;:&quot;Canon EOS 5D Mark III&quot;,&quot;caption&quot;:&quot;&quot;,&quot;created_timestamp&quot;:&quot;1614431354&quot;,&quot;copyright&quot;:&quot;&quot;,&quot;focal_length&quot;:&quot;150&quot;,&quot;iso&quot;:&quot;100&quot;,&quot;shutter_speed&quot;:&quot;0.00025&quot;,&quot;title&quot;:&quot;&quot;,&quot;orientation&quot;:&quot;0&quot;}\" data-image-title=\"FV4A9960\" data-image-description=\"\" data-image-caption=\"\" data-medium-file=\"https:\/\/sophie-bb.com\/wp-content\/uploads\/2023\/02\/FV4A9960-300x200.jpg\" data-large-file=\"https:\/\/sophie-bb.com\/wp-content\/uploads\/2023\/02\/FV4A9960-1024x683.jpg\" data-id=\"1316\" src=\"https:\/\/sophie-bb.com\/wp-content\/uploads\/2023\/02\/FV4A9960-1024x683.jpg\" alt=\"\" class=\"wp-image-1316\" srcset=\"https:\/\/sophie-bb.com\/wp-content\/uploads\/2023\/02\/FV4A9960-1024x683.jpg 1024w, https:\/\/sophie-bb.com\/wp-content\/uploads\/2023\/02\/FV4A9960-300x200.jpg 300w, https:\/\/sophie-bb.com\/wp-content\/uploads\/2023\/02\/FV4A9960-768x512.jpg 768w, https:\/\/sophie-bb.com\/wp-content\/uploads\/2023\/02\/FV4A9960-1536x1024.jpg 1536w, https:\/\/sophie-bb.com\/wp-content\/uploads\/2023\/02\/FV4A9960-2048x1365.jpg 2048w\" sizes=\"auto, (max-width: 706px) 89vw, (max-width: 767px) 82vw, 740px\" \/><\/figure>\n\n<figure class=\"wp-block-image size-large\"><img loading=\"lazy\" decoding=\"async\" width=\"1024\" height=\"1024\" data-attachment-id=\"1317\" data-permalink=\"https:\/\/sophie-bb.com\/en\/unusual\/logo-unusual-v2-white\/\" data-orig-file=\"https:\/\/sophie-bb.com\/wp-content\/uploads\/2023\/02\/Logo-Unusual-v2-white.png\" data-orig-size=\"3075,3075\" data-comments-opened=\"0\" data-image-meta=\"{&quot;aperture&quot;:&quot;0&quot;,&quot;credit&quot;:&quot;&quot;,&quot;camera&quot;:&quot;&quot;,&quot;caption&quot;:&quot;&quot;,&quot;created_timestamp&quot;:&quot;0&quot;,&quot;copyright&quot;:&quot;&quot;,&quot;focal_length&quot;:&quot;0&quot;,&quot;iso&quot;:&quot;0&quot;,&quot;shutter_speed&quot;:&quot;0&quot;,&quot;title&quot;:&quot;&quot;,&quot;orientation&quot;:&quot;0&quot;}\" data-image-title=\"Logo-Unusual-v2-(white)\" data-image-description=\"\" data-image-caption=\"\" data-medium-file=\"https:\/\/sophie-bb.com\/wp-content\/uploads\/2023\/02\/Logo-Unusual-v2-white-300x300.png\" data-large-file=\"https:\/\/sophie-bb.com\/wp-content\/uploads\/2023\/02\/Logo-Unusual-v2-white-1024x1024.png\" data-id=\"1317\" src=\"https:\/\/sophie-bb.com\/wp-content\/uploads\/2023\/02\/Logo-Unusual-v2-white-1024x1024.png\" alt=\"\" class=\"wp-image-1317\" srcset=\"https:\/\/sophie-bb.com\/wp-content\/uploads\/2023\/02\/Logo-Unusual-v2-white-1024x1024.png 1024w, https:\/\/sophie-bb.com\/wp-content\/uploads\/2023\/02\/Logo-Unusual-v2-white-300x300.png 300w, https:\/\/sophie-bb.com\/wp-content\/uploads\/2023\/02\/Logo-Unusual-v2-white-150x150.png 150w, https:\/\/sophie-bb.com\/wp-content\/uploads\/2023\/02\/Logo-Unusual-v2-white-768x768.png 768w, https:\/\/sophie-bb.com\/wp-content\/uploads\/2023\/02\/Logo-Unusual-v2-white-1536x1536.png 1536w, https:\/\/sophie-bb.com\/wp-content\/uploads\/2023\/02\/Logo-Unusual-v2-white-2048x2048.png 2048w, https:\/\/sophie-bb.com\/wp-content\/uploads\/2023\/02\/Logo-Unusual-v2-white-100x100.png 100w, https:\/\/sophie-bb.com\/wp-content\/uploads\/2023\/02\/Logo-Unusual-v2-white-250x250.png 250w, https:\/\/sophie-bb.com\/wp-content\/uploads\/2023\/02\/Logo-Unusual-v2-white-350x350.png 350w\" sizes=\"auto, (max-width: 706px) 89vw, (max-width: 767px) 82vw, 740px\" \/><\/figure>\n\n<figure class=\"wp-block-image size-large\"><img loading=\"lazy\" decoding=\"async\" width=\"1024\" height=\"683\" data-attachment-id=\"1315\" data-permalink=\"https:\/\/sophie-bb.com\/en\/unusual\/fv4a9893\/\" data-orig-file=\"https:\/\/sophie-bb.com\/wp-content\/uploads\/2023\/02\/FV4A9893-scaled.jpg\" data-orig-size=\"2560,1707\" data-comments-opened=\"0\" data-image-meta=\"{&quot;aperture&quot;:&quot;2.8&quot;,&quot;credit&quot;:&quot;&quot;,&quot;camera&quot;:&quot;Canon EOS 5D Mark III&quot;,&quot;caption&quot;:&quot;&quot;,&quot;created_timestamp&quot;:&quot;1614430163&quot;,&quot;copyright&quot;:&quot;&quot;,&quot;focal_length&quot;:&quot;140&quot;,&quot;iso&quot;:&quot;100&quot;,&quot;shutter_speed&quot;:&quot;0.00025&quot;,&quot;title&quot;:&quot;&quot;,&quot;orientation&quot;:&quot;0&quot;}\" data-image-title=\"FV4A9893\" data-image-description=\"\" data-image-caption=\"\" data-medium-file=\"https:\/\/sophie-bb.com\/wp-content\/uploads\/2023\/02\/FV4A9893-300x200.jpg\" data-large-file=\"https:\/\/sophie-bb.com\/wp-content\/uploads\/2023\/02\/FV4A9893-1024x683.jpg\" data-id=\"1315\" src=\"https:\/\/sophie-bb.com\/wp-content\/uploads\/2023\/02\/FV4A9893-1024x683.jpg\" alt=\"\" class=\"wp-image-1315\" srcset=\"https:\/\/sophie-bb.com\/wp-content\/uploads\/2023\/02\/FV4A9893-1024x683.jpg 1024w, https:\/\/sophie-bb.com\/wp-content\/uploads\/2023\/02\/FV4A9893-300x200.jpg 300w, https:\/\/sophie-bb.com\/wp-content\/uploads\/2023\/02\/FV4A9893-768x512.jpg 768w, https:\/\/sophie-bb.com\/wp-content\/uploads\/2023\/02\/FV4A9893-1536x1024.jpg 1536w, https:\/\/sophie-bb.com\/wp-content\/uploads\/2023\/02\/FV4A9893-2048x1365.jpg 2048w\" sizes=\"auto, (max-width: 706px) 89vw, (max-width: 767px) 82vw, 740px\" \/><\/figure><\/figure><p><strong>Unusual<\/strong>, c\u2019est la rencontre de deux Sophie au caract\u00e8res diff\u00e9rents mais compl\u00e9mentaires. Quand une id\u00e9e fantaisiste \u00e9merge chez l\u2019une, elle fait ricochet chez l\u2019autre et aboutit \u00e0 des cr\u00e9ations originales qui font la particularit\u00e9 du duo.&nbsp;<\/p><figure class=\"wp-block-embed is-type-video is-provider-youtube wp-block-embed-youtube wp-embed-aspect-16-9 wp-has-aspect-ratio\"><div class=\"wp-block-embed__wrapper\">\n<iframe loading=\"lazy\" title=\"teaser unusual\" width=\"525\" height=\"295\" src=\"https:\/\/www.youtube.com\/embed\/mu26LrGE7kY?feature=oembed\" frameborder=\"0\" allow=\"accelerometer; autoplay; clipboard-write; encrypted-media; gyroscope; picture-in-picture; web-share\" referrerpolicy=\"strict-origin-when-cross-origin\" allowfullscreen><\/iframe>\n<\/div><\/figure><p>Les Sophie se rencontrent pendant leurs \u00e9tudes et l\u2019aventure Unusual d\u00e9bute, port\u00e9e par l\u2019envie des deux artistes de sortir du cadre et de cr\u00e9er un projet original : \u00e0 la crois\u00e9e des chemins entre acoustique et \u00e9lectrique.&nbsp;<\/p><p>Outre le duo, elles ont l\u2019occasion de jouer dans de nombreux projets.<\/p><p>Sophie Th\u00e9venard, percussionniste freelance, est membre du quatuor de percussions \u00ab\u00a0\u00c0 1000 temps\u00a0\u00bb Orchestre Dijon Bourgogne. Elle est \u00e9galement professeur en Conservatoires, en R\u00e9gion Parisienne.<\/p><figure class=\"wp-block-embed is-type-video is-provider-youtube wp-block-embed-youtube wp-embed-aspect-16-9 wp-has-aspect-ratio\"><div class=\"wp-block-embed__wrapper\">\n<iframe loading=\"lazy\" title=\"Castle unusual\" width=\"525\" height=\"295\" src=\"https:\/\/www.youtube.com\/embed\/is0dQXowx9o?feature=oembed\" frameborder=\"0\" allow=\"accelerometer; autoplay; clipboard-write; encrypted-media; gyroscope; picture-in-picture; web-share\" referrerpolicy=\"strict-origin-when-cross-origin\" allowfullscreen><\/iframe>\n<\/div><\/figure><h5 class=\"wp-block-heading\">Contact<\/h5><p>Retrouvez toutes les actualit\u00e9s et l&#8217;agenda du duo Unusual sur <a href=\"https:\/\/www.facebook.com\/profile.php?id=100065213344490\" target=\"_blank\" rel=\"noreferrer noopener\"><strong>sa page Facebook<\/strong><\/a>.<\/p>","protected":false},"excerpt":{"rendered":"<p>Unusual, c\u2019est la rencontre de deux Sophie au caract\u00e8res diff\u00e9rents mais compl\u00e9mentaires. Quand une id\u00e9e fantaisiste \u00e9merge chez l\u2019une, elle fait ricochet chez l\u2019autre et aboutit \u00e0 des cr\u00e9ations originales qui font la particularit\u00e9 du duo.&nbsp; Les Sophie se rencontrent pendant leurs \u00e9tudes et l\u2019aventure Unusual d\u00e9bute, port\u00e9e par l\u2019envie des deux artistes de sortir &hellip; <\/p>\n<p class=\"link-more\"><a href=\"https:\/\/sophie-bb.com\/en\/unusual\/\" class=\"more-link\">Continue reading<span class=\"screen-reader-text\"> &#8220;Unusual&#8221;<\/span><\/a><\/p>\n","protected":false},"author":1,"featured_media":0,"parent":0,"menu_order":0,"comment_status":"closed","ping_status":"closed","template":"","meta":{"footnotes":""},"class_list":["post-610","page","type-page","status-publish","hentry"],"translation":{"provider":"WPGlobus","version":"3.0.0","language":"en","enabled_languages":["fr","en"],"languages":{"fr":{"title":true,"content":true,"excerpt":false},"en":{"title":true,"content":false,"excerpt":false}}},"jetpack_sharing_enabled":true,"_links":{"self":[{"href":"https:\/\/sophie-bb.com\/en\/wp-json\/wp\/v2\/pages\/610","targetHints":{"allow":["GET"]}}],"collection":[{"href":"https:\/\/sophie-bb.com\/en\/wp-json\/wp\/v2\/pages"}],"about":[{"href":"https:\/\/sophie-bb.com\/en\/wp-json\/wp\/v2\/types\/page"}],"author":[{"embeddable":true,"href":"https:\/\/sophie-bb.com\/en\/wp-json\/wp\/v2\/users\/1"}],"replies":[{"embeddable":true,"href":"https:\/\/sophie-bb.com\/en\/wp-json\/wp\/v2\/comments?post=610"}],"version-history":[{"count":17,"href":"https:\/\/sophie-bb.com\/en\/wp-json\/wp\/v2\/pages\/610\/revisions"}],"predecessor-version":[{"id":1365,"href":"https:\/\/sophie-bb.com\/en\/wp-json\/wp\/v2\/pages\/610\/revisions\/1365"}],"wp:attachment":[{"href":"https:\/\/sophie-bb.com\/en\/wp-json\/wp\/v2\/media?parent=610"}],"curies":[{"name":"wp","href":"https:\/\/api.w.org\/{rel}","templated":true}]}}